{"id":221279,"date":"2025-09-29T09:44:03","date_gmt":"2025-09-29T09:44:03","guid":{"rendered":"https:\/\/berglandkajakk.no\/?page_id=221279"},"modified":"2026-03-12T18:29:51","modified_gmt":"2026-03-12T18:29:51","slug":"221279-2","status":"publish","type":"page","link":"https:\/\/berglandkajakk.no\/","title":{"rendered":"Bergland guideservice"},"content":{"rendered":"\n\n\n\n\n\n\n\n\n\n\n\n\n\n\n\n\n\n\n\n\n\n\n\n\n\n\n\n\n\n\n\n\n\n\n\n\n\n\n\n\n\n\n\n\n\n\n\n\n\n\n\n\n\n\n\n\n\n\n\n\n\n\n\n\n\n\n\n\n\n\n\n\n\n\n\n\n\n\n\n\n\n\n\n\n\n\n\n\n\n\n\n\n\n\n\n\n\n\n\n\n\n\n\n\n\n\n\n\n\n\n\n\n\n\n\n\n\n\n\n\n\n\n\n\n\n\n\n\n\n\n\n\n\n\n\n\n\n\n\n\n\n\n\n\n\n\n\n\n\n\n\n\n\n\n\n\n\n\n\n\n\n\n\n\n\n\n\n","protected":false},"excerpt":{"rendered":"<p>Bergland Kajakk tilbyr guidede opplevelser p\u00e5 Helgelandskysten, med kajakk som hovedarena. Med lokalkjent guide, sm\u00e5 grupper og tydelig fokus p\u00e5 sikkerhet f\u00e5r du oppleve skj\u00e6rg\u00e5rd, fjell og kystnatur p\u00e5 en m\u00e5te som ellers er vanskelig \u00e5 finne frem til p\u00e5 egen h\u00e5nd.<\/p>\n","protected":false},"author":1,"featured_media":221281,"parent":0,"menu_order":0,"comment_status":"closed","ping_status":"closed","template":"","meta":{"footnotes":""},"class_list":["post-221279","page","type-page","status-publish","has-post-thumbnail","hentry"],"_links":{"self":[{"href":"https:\/\/berglandkajakk.no\/index.php?rest_route=\/wp\/v2\/pages\/221279","targetHints":{"allow":["GET"]}}],"collection":[{"href":"https:\/\/berglandkajakk.no\/index.php?rest_route=\/wp\/v2\/pages"}],"about":[{"href":"https:\/\/berglandkajakk.no\/index.php?rest_route=\/wp\/v2\/types\/page"}],"author":[{"embeddable":true,"href":"https:\/\/berglandkajakk.no\/index.php?rest_route=\/wp\/v2\/users\/1"}],"replies":[{"embeddable":true,"href":"https:\/\/berglandkajakk.no\/index.php?rest_route=%2Fwp%2Fv2%2Fcomments&post=221279"}],"version-history":[{"count":68,"href":"https:\/\/berglandkajakk.no\/index.php?rest_route=\/wp\/v2\/pages\/221279\/revisions"}],"predecessor-version":[{"id":221480,"href":"https:\/\/berglandkajakk.no\/index.php?rest_route=\/wp\/v2\/pages\/221279\/revisions\/221480"}],"wp:featuredmedia":[{"embeddable":true,"href":"https:\/\/berglandkajakk.no\/index.php?rest_route=\/wp\/v2\/media\/221281"}],"wp:attachment":[{"href":"https:\/\/berglandkajakk.no\/index.php?rest_route=%2Fwp%2Fv2%2Fmedia&parent=221279"}],"curies":[{"name":"wp","href":"https:\/\/api.w.org\/{rel}","templated":true}]}}